{"id":831,"date":"2021-03-05T20:10:03","date_gmt":"2021-03-05T20:10:03","guid":{"rendered":"https:\/\/grupochacon.com.pa\/home\/"},"modified":"2025-10-28T15:32:10","modified_gmt":"2025-10-28T15:32:10","slug":"home","status":"publish","type":"page","link":"https:\/\/grupochacon.com.pa\/en\/","title":{"rendered":"HOME"},"content":{"rendered":"<h1>CHAC\u00d3N MEL\u00c9NDEZ GROUP <\/h1>\n<p>A Group of Panamanians that joined their synergy to offer high quality services in favour of local and international clients\u00a0<\/p>\n<p>\t\t\t\t\t<a href=\"https:\/\/grupochacon.com.pa\/en\/contacto\/\"><br \/>\n\t\t\t\t\t\t\t\t\tContact<br \/>\n\t\t\t\t\t<\/a><\/p>\n<h2>OUR COMPANIES<\/h2>\n<h4>\n\t\t\t\t\t\t<a href=\"https:\/\/grupochacon.com.pa\/en\/chacon-asociados-abogados-y-cumplimiento\/\" ><br \/>\n\t\t\t\t\t\t\tCHAC\u00d3N  &amp; ASOCIADOS Abogados &amp; Cumplimiento\t\t\t\t\t\t<\/a><br \/>\n\t\t\t\t\t<\/h4>\n<p>\t\t\t<a href=\"https:\/\/grupochacon.com.pa\/en\/chacon-asociados-abogados-y-cumplimiento\/\"><br \/>\n\t\t\t\t\t\t<\/a><\/p>\n<h4>\n\t\t\t\t\t\t<a href=\"https:\/\/grupochacon.com.pa\/en\/chacon-asociados-constructores-y-arquitectos\/\" ><br \/>\n\t\t\t\t\t\t\tCHAC\u00d3N  &amp; ASOCIADOS Constructores &amp; Arquitectos\t\t\t\t\t\t<\/a><br \/>\n\t\t\t\t\t<\/h4>\n<p>\t\t\t<a href=\"https:\/\/grupochacon.com.pa\/en\/chacon-asociados-constructores-y-arquitectos\/\"><br \/>\n\t\t\t\t\t\t<\/a><\/p>\n<h4>\n\t\t\t\t\t\t<a href=\"https:\/\/grupochacon.com.pa\/en\/karisma-melendez-contadora\/\" ><br \/>\n\t\t\t\t\t\t\tKARIMA MEL\u00c9NDEZ<br \/>\n    Accountant\t\t\t\t\t\t<\/a><br \/>\n\t\t\t\t\t<\/h4>\n<p>\t\t\t<a href=\"https:\/\/grupochacon.com.pa\/en\/karisma-melendez-contadora\/\"><br \/>\n\t\t\t\t\t\t<\/a><\/p>\n<h2>CHAC\u00d3N MEL\u00c9NDEZ GROUP <\/h2>\n<p>We are a Group of Licensed Panamanian Professionals with international projection, which members offer to their clients more than 15 years of experience in our areas of practice. guaranteeing personalized attention and specific solutions for each specific case.<\/p>\n<p>\t\t\t\t\t<a href=\"https:\/\/grupochacon.com.pa\/en\/empresas-del-grupo\/\"><br \/>\n\t\t\t\t\t\t\t\t\tOUR COMPANIES<br \/>\n\t\t\t\t\t<\/a><br \/>\n\t\t\t\t\t\t\t\t\t\t\t\t\t\t\t<img loading=\"lazy\" decoding=\"async\" width=\"1004\" height=\"1504\" src=\"https:\/\/grupochacon.com.pa\/wp-content\/uploads\/2022\/09\/JCV2226-1-rotated.jpg\" alt=\"\" srcset=\"https:\/\/grupochacon.com.pa\/wp-content\/uploads\/2022\/09\/JCV2226-1-rotated.jpg 1004w, https:\/\/grupochacon.com.pa\/wp-content\/uploads\/2022\/09\/JCV2226-1-rotated-600x899.jpg 600w, https:\/\/grupochacon.com.pa\/wp-content\/uploads\/2022\/09\/JCV2226-1-200x300.jpg 200w, https:\/\/grupochacon.com.pa\/wp-content\/uploads\/2022\/09\/JCV2226-1-684x1024.jpg 684w, https:\/\/grupochacon.com.pa\/wp-content\/uploads\/2022\/09\/JCV2226-1-768x1150.jpg 768w\" sizes=\"auto, (max-width: 1004px) 100vw, 1004px\" \/>\t\t\t\t\t\t\t\t\t\t\t\t\t\t\t<\/p>\n<h2>OUR PHILOSOPHY<\/h2>\n<h2>MISSION <\/h2>\n<p>We base our services on the highest standards of professionalism and ethics, complying with local and international regulations in anti money laundering and financing of terrorism.<\/p>\n<h2>VISION <\/h2>\n<p style=\"font-weight: 400;\">Respaldar a nuestra selecta clientela cuenta con nuestro respaldo en todos sus asuntos legales, contables y de arquitectura tanto en Panam\u00e1 como en cualquier pa\u00eds en el que se plantee el inicio de un nuevo negocio, coordinando con profesionales de cada pa\u00eds, de manera que nuestros clientes se sientan seguros al realizar un negocio internacional.<\/p>\n<h2>VALUES<\/h2>\n<p>In our group, we do not close the parenthesis of services offered  to our clients, with tailor-made solutions according to every client\u2019s need. We advise you as widely as you require and accommodate your needs, keeping a close relationship between the cost and benefits received as a result of our services.<\/p>\n<p>\t\t\t\t\t\t\t\t\t\t\t\t\t\t\t<img loading=\"lazy\" decoding=\"async\" width=\"1004\" height=\"1504\" src=\"https:\/\/grupochacon.com.pa\/wp-content\/uploads\/2022\/09\/JCV2226-1-rotated.jpg\" alt=\"\" srcset=\"https:\/\/grupochacon.com.pa\/wp-content\/uploads\/2022\/09\/JCV2226-1-rotated.jpg 1004w, https:\/\/grupochacon.com.pa\/wp-content\/uploads\/2022\/09\/JCV2226-1-rotated-600x899.jpg 600w, https:\/\/grupochacon.com.pa\/wp-content\/uploads\/2022\/09\/JCV2226-1-200x300.jpg 200w, https:\/\/grupochacon.com.pa\/wp-content\/uploads\/2022\/09\/JCV2226-1-684x1024.jpg 684w, https:\/\/grupochacon.com.pa\/wp-content\/uploads\/2022\/09\/JCV2226-1-768x1150.jpg 768w\" sizes=\"auto, (max-width: 1004px) 100vw, 1004px\" \/>\t\t\t\t\t\t\t\t\t\t\t\t\t\t\t<\/p>\n<h3>CONTACTS  CHAC\u00d3N MEL\u00c9NDEZ GROUP <\/h3>\n<h4>\n\t\t\t\t\t\t\tPANAM\u00c1, CIUDAD DE PANAM\u00c1<br \/>\n\t\t\t\t\t<\/h4>\n<p>\n\t\t\t\t\t\tCalle 56 y Avenida Samuel Lewis<br \/>Edificio The Palm, Obarrio\t\t\t\t\t<\/p>\n<ul>\n<li>\n\t\t\t\t\t\t\t\t\t\t\t<a href=\"mailto:info@grupochacon.com.pa%20\"><br \/>\n\t\t\t\t\t\t\t\t\t\tinfo@grupochacon.com.pa<br \/>\n\t\t\t\t\t\t\t\t\t\t\t<\/a>\n\t\t\t\t\t\t\t\t\t<\/li>\n<\/ul>\n<ul>\n<li>\n\t\t\t\t\t\t\t\t\t\t\t<a href=\"https:\/\/wa.me\/50766709570\"><br \/>\n\t\t\t\t\t\t\t\t\t\t66709570<br \/>\n\t\t\t\t\t\t\t\t\t\t\t<\/a>\n\t\t\t\t\t\t\t\t\t<\/li>\n<li>\n\t\t\t\t\t\t\t\t\t\t3982661\n\t\t\t\t\t\t\t\t\t<\/li>\n<\/ul>","protected":false},"excerpt":{"rendered":"<p>GRUPO CHAC\u00d3N MEL\u00c9NDEZ Un grupo de Paname\u00f1os que han unido su sinergia para ofrecer servicios de calidad a la comunidad local e internacional\u00a0 Contacto EMPRESAS DEL GRUPO CHAC\u00d3N &amp; ASOCIADOS Abogados &amp; Cumplimiento CHAC\u00d3N &amp; ASOCIADOS Constructores &amp; Arquitectos KARIMA MEL\u00c9NDEZ Contadora GRUPO CHAC\u00d3N MEL\u00c9NDEZ Somos un grupo de profesionales Id\u00f3neos Paname\u00f1os con proyecci\u00f3n internacional, &hellip;<\/p>\n<p class=\"read-more\"> <a class=\"\" href=\"https:\/\/grupochacon.com.pa\/en\/\"> <span class=\"screen-reader-text\">HOME<\/span> Read More &raquo;<\/a><\/p>","protected":false},"author":1,"featured_media":0,"parent":0,"menu_order":0,"comment_status":"closed","ping_status":"closed","template":"","meta":{"site-sidebar-layout":"no-sidebar","site-content-layout":"page-builder","ast-global-header-display":"","ast-main-header-display":"","ast-hfb-above-header-display":"","ast-hfb-below-header-display":"","ast-hfb-mobile-header-display":"","site-post-title":"disabled","ast-breadcrumbs-content":"disabled","ast-featured-img":"disabled","footer-sml-layout":"","theme-transparent-header-meta":"disabled","adv-header-id-meta":"","stick-header-meta":"","header-above-stick-meta":"","header-main-stick-meta":"","header-below-stick-meta":"","_joinchat":[],"footnotes":""},"class_list":["post-831","page","type-page","status-publish","hentry"],"jetpack_sharing_enabled":true,"_links":{"self":[{"href":"https:\/\/grupochacon.com.pa\/en\/wp-json\/wp\/v2\/pages\/831","targetHints":{"allow":["GET"]}}],"collection":[{"href":"https:\/\/grupochacon.com.pa\/en\/wp-json\/wp\/v2\/pages"}],"about":[{"href":"https:\/\/grupochacon.com.pa\/en\/wp-json\/wp\/v2\/types\/page"}],"author":[{"embeddable":true,"href":"https:\/\/grupochacon.com.pa\/en\/wp-json\/wp\/v2\/users\/1"}],"replies":[{"embeddable":true,"href":"https:\/\/grupochacon.com.pa\/en\/wp-json\/wp\/v2\/comments?post=831"}],"version-history":[{"count":208,"href":"https:\/\/grupochacon.com.pa\/en\/wp-json\/wp\/v2\/pages\/831\/revisions"}],"predecessor-version":[{"id":2205,"href":"https:\/\/grupochacon.com.pa\/en\/wp-json\/wp\/v2\/pages\/831\/revisions\/2205"}],"wp:attachment":[{"href":"https:\/\/grupochacon.com.pa\/en\/wp-json\/wp\/v2\/media?parent=831"}],"curies":[{"name":"wp","href":"https:\/\/api.w.org\/{rel}","templated":true}]}}