{"id":2013,"date":"2023-10-13T03:37:52","date_gmt":"2023-10-13T03:37:52","guid":{"rendered":"https:\/\/grupochacon.com.pa\/?page_id=2013"},"modified":"2024-03-05T19:14:02","modified_gmt":"2024-03-05T19:14:02","slug":"proximos","status":"publish","type":"page","link":"https:\/\/grupochacon.com.pa\/en\/chacon-cumplimiento\/seminarios\/proximos\/","title":{"rendered":"Pr\u00f3ximos Seminarios"},"content":{"rendered":"<style>\/*! elementor - v3.19.0 - 28-02-2024 *\/\n.elementor-widget-image{text-align:center}.elementor-widget-image a{display:inline-block}.elementor-widget-image a img[src$=\".svg\"]{width:48px}.elementor-widget-image img{vertical-align:middle;display:inline-block}<\/style>\n<p>\t\t\t\t\t\t\t\t\t\t<img loading=\"lazy\" decoding=\"async\" width=\"1080\" height=\"1920\" src=\"https:\/\/grupochacon.com.pa\/wp-content\/uploads\/2024\/03\/prevencion-2024-1.png\" alt=\"\" srcset=\"https:\/\/grupochacon.com.pa\/wp-content\/uploads\/2024\/03\/prevencion-2024-1.png 1080w, https:\/\/grupochacon.com.pa\/wp-content\/uploads\/2024\/03\/prevencion-2024-1-169x300.png 169w, https:\/\/grupochacon.com.pa\/wp-content\/uploads\/2024\/03\/prevencion-2024-1-576x1024.png 576w, https:\/\/grupochacon.com.pa\/wp-content\/uploads\/2024\/03\/prevencion-2024-1-768x1365.png 768w, https:\/\/grupochacon.com.pa\/wp-content\/uploads\/2024\/03\/prevencion-2024-1-864x1536.png 864w, https:\/\/grupochacon.com.pa\/wp-content\/uploads\/2024\/03\/prevencion-2024-1-7x12.png 7w, https:\/\/grupochacon.com.pa\/wp-content\/uploads\/2024\/03\/prevencion-2024-1-600x1067.png 600w\" sizes=\"auto, (max-width: 1080px) 100vw, 1080px\" \/>\t\t\t\t\t\t\t\t\t\t\t\t\t<\/p>\n<style>\/*! elementor - v3.19.0 - 28-02-2024 *\/\n.elementor-heading-title{padding:0;margin:0;line-height:1}.elementor-widget-heading .elementor-heading-title[class*=elementor-size-]>a{color:inherit;font-size:inherit;line-height:inherit}.elementor-widget-heading .elementor-heading-title.elementor-size-small{font-size:15px}.elementor-widget-heading .elementor-heading-title.elementor-size-medium{font-size:19px}.elementor-widget-heading .elementor-heading-title.elementor-size-large{font-size:29px}.elementor-widget-heading .elementor-heading-title.elementor-size-xl{font-size:39px}.elementor-widget-heading .elementor-heading-title.elementor-size-xxl{font-size:59px}<\/style>\n<h4>Webinar: Prevenci\u00f3n de Lavado de Dinero 2024<\/h4>\n<p style=\"margin-bottom: 0px; font-stretch: normal; line-height: normal;\"><strong>EJES TEM\u00c1TICOS:<\/strong><\/p>\n<p style=\"margin-bottom: 0px; font-stretch: normal; line-height: normal;\">\u00a0<\/p>\n<p style=\"margin-bottom: 0px; font-stretch: normal; line-height: normal;\">&#8211; Identificaci\u00f3n del cliente y requisitos aplicables.<\/p>\n<p style=\"margin-bottom: 0px; font-stretch: normal; line-height: normal;\">&#8211; El manual de prevenci\u00f3n y los formularios de vinculaci\u00f3n.<\/p>\n<p style=\"margin-bottom: 0px; font-stretch: normal; line-height: normal;\">&#8211; El perfil financiero y transaccional<\/p>\n<p style=\"margin-bottom: 0px; font-stretch: normal; line-height: normal;\">&#8211; Reportes de transacciones en\u00a0efectivo<\/p>\n<p style=\"margin-bottom: 0px; font-stretch: normal; line-height: normal;\">&#8211; Inspecciones extra situ e\u00a0in situ<\/p>\n<p style=\"margin-bottom: 0px; font-stretch: normal; line-height: normal;\">&#8211; Listas ONU<\/p>\n<p style=\"margin-bottom: 0px; font-stretch: normal; line-height: normal;\">&#8211; Obligaciones especiales para abogados que brinda servicios de\u00a0Agente Residente: Registro \u00danico de Beneficiarios Finales y C\u00f3digo \u00danico de Registro.<\/p>\n<p><strong>INVERSI\u00d3N: \u00a0B\/. 75.00<\/strong><\/p>\n<p style=\"margin-bottom: 0px; font-stretch: normal; line-height: normal;\">Favor solicitar informaci\u00f3n general al correo: info@grupochacon.com.pa o al\u00a0WhatsApp\u00a066709570<\/p>\n<p style=\"margin-bottom: 0px; font-style: normal; font-stretch: normal; font-size: 13px; line-height: normal; font-family: 'Helvetica Neue';\">\u00a0<\/p>\n<p>\t\t\t<a href=\"https:\/\/grupochacon.com.pa\/producto\/prevencion2024\/\" target=\"_blank\" comprar=\"\" rel=\"noopener\"><br \/>\n\t\t\t\t\t\tComprar boletos<br \/>\n\t\t\t\t\t<\/a><br \/>\n\t\t\t\t\t\t\t\t\t\t\t\t\t<img loading=\"lazy\" decoding=\"async\" width=\"1414\" height=\"2000\" src=\"https:\/\/grupochacon.com.pa\/wp-content\/uploads\/2024\/01\/workshop-virtual-marca-personal-1.png\" alt=\"\" srcset=\"https:\/\/grupochacon.com.pa\/wp-content\/uploads\/2024\/01\/workshop-virtual-marca-personal-1.png 1414w, https:\/\/grupochacon.com.pa\/wp-content\/uploads\/2024\/01\/workshop-virtual-marca-personal-1-212x300.png 212w, https:\/\/grupochacon.com.pa\/wp-content\/uploads\/2024\/01\/workshop-virtual-marca-personal-1-724x1024.png 724w, https:\/\/grupochacon.com.pa\/wp-content\/uploads\/2024\/01\/workshop-virtual-marca-personal-1-768x1086.png 768w, https:\/\/grupochacon.com.pa\/wp-content\/uploads\/2024\/01\/workshop-virtual-marca-personal-1-1086x1536.png 1086w, https:\/\/grupochacon.com.pa\/wp-content\/uploads\/2024\/01\/workshop-virtual-marca-personal-1-8x12.png 8w, https:\/\/grupochacon.com.pa\/wp-content\/uploads\/2024\/01\/workshop-virtual-marca-personal-1-1320x1867.png 1320w, https:\/\/grupochacon.com.pa\/wp-content\/uploads\/2024\/01\/workshop-virtual-marca-personal-1-600x849.png 600w\" sizes=\"auto, (max-width: 1414px) 100vw, 1414px\" \/>\t\t\t\t\t\t\t\t\t\t\t\t\t<\/p>\n<h4>Taller Virtual: Marca personal para abogados<\/h4>\n<p style=\"margin-bottom: 0px; font-stretch: normal; line-height: normal;\">-Definici\u00f3n de marca personal.<\/p>\n<p style=\"margin-bottom: 0px; font-stretch: normal; line-height: normal;\">-Construcci\u00f3n de una identidad visual.<\/p>\n<p style=\"margin-bottom: 0px; font-stretch: normal; line-height: normal;\">-Presencia en redes sociales.<\/p>\n<p style=\"margin-bottom: 0px; font-stretch: normal; line-height: normal;\">-Contenido estrat\u00e9gico y engagement.<\/p>\n<p style=\"margin-bottom: 0px; font-stretch: normal; line-height: normal;\">-Fotograf\u00eda y elementos visuales.<\/p>\n<p style=\"margin-bottom: 0px; font-stretch: normal; line-height: normal;\">-Casos pr\u00e1cticos y retroalimentaci\u00f3n.<\/p>\n<p style=\"margin-bottom: 0px; font-stretch: normal; line-height: normal;\">-Planificaci\u00f3n de acciones futuras.<\/p>\n<p style=\"font-size: 13px; font-style: normal; margin-bottom: 0px; font-stretch: normal; line-height: normal; font-family: 'Helvetica Neue';\">\u00a0<\/p>\n<p style=\"margin-bottom: 0px; font-stretch: normal; line-height: normal;\">Favor solicitar informaci\u00f3n general al correo: info@grupochacon.com.pa o al\u00a0WhatsApp\u00a066709570<\/p>\n<p style=\"margin-bottom: 0px; font-style: normal; font-stretch: normal; font-size: 13px; line-height: normal; font-family: 'Helvetica Neue';\">\u00a0<\/p>\n<p>\t\t\t<a href=\"https:\/\/grupochacon.com.pa\/producto\/abogados\/\" target=\"_blank\" comprar=\"\" rel=\"noopener\"><br \/>\n\t\t\t\t\t\tComprar boletos<br \/>\n\t\t\t\t\t<\/a><\/p>\n","protected":false},"excerpt":{"rendered":"<p>Webinar: Prevenci\u00f3n de Lavado de Dinero 2024 EJES TEM\u00c1TICOS: \u00a0 &#8211; Identificaci\u00f3n del cliente y requisitos aplicables. &#8211; El manual de prevenci\u00f3n y los formularios de vinculaci\u00f3n. &#8211; El perfil financiero y transaccional &#8211; Reportes de transacciones en\u00a0efectivo &#8211; Inspecciones extra situ e\u00a0in situ &#8211; Listas ONU &#8211; Obligaciones especiales para abogados que brinda servicios &hellip;<\/p>\n<p class=\"read-more\"> <a class=\"\" href=\"https:\/\/grupochacon.com.pa\/en\/chacon-cumplimiento\/seminarios\/proximos\/\"> <span class=\"screen-reader-text\">Pr\u00f3ximos Seminarios<\/span> Read More &raquo;<\/a><\/p>","protected":false},"author":1,"featured_media":0,"parent":1747,"menu_order":1,"comment_status":"closed","ping_status":"closed","template":"","meta":{"site-sidebar-layout":"no-sidebar","site-content-layout":"page-builder","ast-global-header-display":"","ast-main-header-display":"","ast-hfb-above-header-display":"","ast-hfb-below-header-display":"","ast-hfb-mobile-header-display":"","site-post-title":"disabled","ast-breadcrumbs-content":"","ast-featured-img":"disabled","footer-sml-layout":"","theme-transparent-header-meta":"","adv-header-id-meta":"","stick-header-meta":"","header-above-stick-meta":"","header-main-stick-meta":"","header-below-stick-meta":"","_joinchat":[],"footnotes":""},"class_list":["post-2013","page","type-page","status-publish","hentry"],"jetpack_sharing_enabled":true,"_links":{"self":[{"href":"https:\/\/grupochacon.com.pa\/en\/wp-json\/wp\/v2\/pages\/2013","targetHints":{"allow":["GET"]}}],"collection":[{"href":"https:\/\/grupochacon.com.pa\/en\/wp-json\/wp\/v2\/pages"}],"about":[{"href":"https:\/\/grupochacon.com.pa\/en\/wp-json\/wp\/v2\/types\/page"}],"author":[{"embeddable":true,"href":"https:\/\/grupochacon.com.pa\/en\/wp-json\/wp\/v2\/users\/1"}],"replies":[{"embeddable":true,"href":"https:\/\/grupochacon.com.pa\/en\/wp-json\/wp\/v2\/comments?post=2013"}],"version-history":[{"count":48,"href":"https:\/\/grupochacon.com.pa\/en\/wp-json\/wp\/v2\/pages\/2013\/revisions"}],"predecessor-version":[{"id":2196,"href":"https:\/\/grupochacon.com.pa\/en\/wp-json\/wp\/v2\/pages\/2013\/revisions\/2196"}],"up":[{"embeddable":true,"href":"https:\/\/grupochacon.com.pa\/en\/wp-json\/wp\/v2\/pages\/1747"}],"wp:attachment":[{"href":"https:\/\/grupochacon.com.pa\/en\/wp-json\/wp\/v2\/media?parent=2013"}],"curies":[{"name":"wp","href":"https:\/\/api.w.org\/{rel}","templated":true}]}}