{"id":1800,"date":"2022-10-15T21:02:07","date_gmt":"2022-10-15T21:02:07","guid":{"rendered":"https:\/\/grupochacon.com.pa\/?page_id=1800"},"modified":"2023-11-14T18:23:43","modified_gmt":"2023-11-14T18:23:43","slug":"libros","status":"publish","type":"page","link":"https:\/\/grupochacon.com.pa\/en\/chacon-cumplimiento\/libros\/","title":{"rendered":"Libros"},"content":{"rendered":"<style>\/*! elementor - v3.17.0 - 08-11-2023 *\/\n.elementor-heading-title{padding:0;margin:0;line-height:1}.elementor-widget-heading .elementor-heading-title[class*=elementor-size-]>a{color:inherit;font-size:inherit;line-height:inherit}.elementor-widget-heading .elementor-heading-title.elementor-size-small{font-size:15px}.elementor-widget-heading .elementor-heading-title.elementor-size-medium{font-size:19px}.elementor-widget-heading .elementor-heading-title.elementor-size-large{font-size:29px}.elementor-widget-heading .elementor-heading-title.elementor-size-xl{font-size:39px}.elementor-widget-heading .elementor-heading-title.elementor-size-xxl{font-size:59px}<\/style>\n<h2>LIBROS<\/h2>\n<style>\/*! elementor - v3.17.0 - 08-11-2023 *\/\n.elementor-widget-image{text-align:center}.elementor-widget-image a{display:inline-block}.elementor-widget-image a img[src$=\".svg\"]{width:48px}.elementor-widget-image img{vertical-align:middle;display:inline-block}<\/style>\n<p>\t\t\t\t\t\t\t\t\t\t\t\t<img decoding=\"async\" width=\"658\" height=\"1024\" src=\"https:\/\/grupochacon.com.pa\/wp-content\/uploads\/2023\/11\/Cubierta-Derecho-mercantil-I_page-0001-658x1024.jpg\" alt=\"\" loading=\"lazy\" srcset=\"https:\/\/grupochacon.com.pa\/wp-content\/uploads\/2023\/11\/Cubierta-Derecho-mercantil-I_page-0001-658x1024.jpg 658w, https:\/\/grupochacon.com.pa\/wp-content\/uploads\/2023\/11\/Cubierta-Derecho-mercantil-I_page-0001-193x300.jpg 193w, https:\/\/grupochacon.com.pa\/wp-content\/uploads\/2023\/11\/Cubierta-Derecho-mercantil-I_page-0001-768x1195.jpg 768w, https:\/\/grupochacon.com.pa\/wp-content\/uploads\/2023\/11\/Cubierta-Derecho-mercantil-I_page-0001-8x12.jpg 8w, https:\/\/grupochacon.com.pa\/wp-content\/uploads\/2023\/11\/Cubierta-Derecho-mercantil-I_page-0001-600x933.jpg 600w, https:\/\/grupochacon.com.pa\/wp-content\/uploads\/2023\/11\/Cubierta-Derecho-mercantil-I_page-0001.jpg 844w\" sizes=\"auto, (max-width: 658px) 100vw, 658px\" \/>\t\t\t\t\t\t\t\t\t\t\t\t\t\t\t<\/p>\n<h1><strong>DERECHO MERCANTIL I<\/strong><\/h1>\n<h3><b>ANTECEDENTES \u2013 ACTO DE COMERCIO \u2013&nbsp;<\/b><b style=\"font-style: inherit; color: var(--ast-global-color-3);\">EL COMERCIANTE \u2013 SOCIEDADES CIVILES \u2013 SOCIEDADES COMERCIALES \u2013 SOCIEDADES AN\u00d3NIMAS<\/b><\/h3>\n<p><b style=\"font-style: inherit; color: var(--ast-global-color-3);\">A\u00f1o de publicaci\u00f3n &#8211; 2023<\/b><\/p>\n<p style=\"font-style: normal; margin-bottom: 0px;\" data-elementor-setting-key=\"title\" data-pen-placeholder=\"Teclea aqu\u00ed...\"><strong>Editorial D&#8217;McPherson. Panam\u00e1, Rep\u00fablica de Panam\u00e1.&nbsp;<\/strong><\/p>\n<p><strong>ISBN: 978-9962-14-103-7<\/strong><\/p>\n<p>\t\t\t<a href=\"https:\/\/grupochacon.com.pa\/producto\/derecho-mercantil-tomo-i\/\" target=\"_blank\" rel=\"noopener\"><br \/>\n\t\t\t\t\t\tcomprar<br \/>\n\t\t\t\t\t<\/a><\/p>\n<style>\/*! elementor - v3.17.0 - 08-11-2023 *\/\n.elementor-widget-divider{--divider-border-style:none;--divider-border-width:1px;--divider-color:#0c0d0e;--divider-icon-size:20px;--divider-element-spacing:10px;--divider-pattern-height:24px;--divider-pattern-size:20px;--divider-pattern-url:none;--divider-pattern-repeat:repeat-x}.elementor-widget-divider .elementor-divider{display:flex}.elementor-widget-divider .elementor-divider__text{font-size:15px;line-height:1;max-width:95%}.elementor-widget-divider .elementor-divider__element{margin:0 var(--divider-element-spacing);flex-shrink:0}.elementor-widget-divider .elementor-icon{font-size:var(--divider-icon-size)}.elementor-widget-divider .elementor-divider-separator{display:flex;margin:0;direction:ltr}.elementor-widget-divider--view-line_icon .elementor-divider-separator,.elementor-widget-divider--view-line_text .elementor-divider-separator{align-items:center}.elementor-widget-divider--view-line_icon .elementor-divider-separator:after,.elementor-widget-divider--view-line_icon .elementor-divider-separator:before,.elementor-widget-divider--view-line_text .elementor-divider-separator:after,.elementor-widget-divider--view-line_text .elementor-divider-separator:before{display:block;content:\"\";border-bottom:0;flex-grow:1;border-top:var(--divider-border-width) var(--divider-border-style) var(--divider-color)}.elementor-widget-divider--element-align-left .elementor-divider .elementor-divider-separator>.elementor-divider__svg:first-of-type{flex-grow:0;flex-shrink:100}.elementor-widget-divider--element-align-left .elementor-divider-separator:before{content:none}.elementor-widget-divider--element-align-left .elementor-divider__element{margin-left:0}.elementor-widget-divider--element-align-right .elementor-divider .elementor-divider-separator>.elementor-divider__svg:last-of-type{flex-grow:0;flex-shrink:100}.elementor-widget-divider--element-align-right .elementor-divider-separator:after{content:none}.elementor-widget-divider--element-align-right .elementor-divider__element{margin-right:0}.elementor-widget-divider:not(.elementor-widget-divider--view-line_text):not(.elementor-widget-divider--view-line_icon) .elementor-divider-separator{border-top:var(--divider-border-width) var(--divider-border-style) var(--divider-color)}.elementor-widget-divider--separator-type-pattern{--divider-border-style:none}.elementor-widget-divider--separator-type-pattern.elementor-widget-divider--view-line .elementor-divider-separator,.elementor-widget-divider--separator-type-pattern:not(.elementor-widget-divider--view-line) .elementor-divider-separator:after,.elementor-widget-divider--separator-type-pattern:not(.elementor-widget-divider--view-line) .elementor-divider-separator:before,.elementor-widget-divider--separator-type-pattern:not([class*=elementor-widget-divider--view]) .elementor-divider-separator{width:100%;min-height:var(--divider-pattern-height);-webkit-mask-size:var(--divider-pattern-size) 100%;mask-size:var(--divider-pattern-size) 100%;-webkit-mask-repeat:var(--divider-pattern-repeat);mask-repeat:var(--divider-pattern-repeat);background-color:var(--divider-color);-webkit-mask-image:var(--divider-pattern-url);mask-image:var(--divider-pattern-url)}.elementor-widget-divider--no-spacing{--divider-pattern-size:auto}.elementor-widget-divider--bg-round{--divider-pattern-repeat:round}.rtl .elementor-widget-divider .elementor-divider__text{direction:rtl}.e-con-inner>.elementor-widget-divider,.e-con>.elementor-widget-divider{width:var(--container-widget-width,100%);--flex-grow:var(--container-widget-flex-grow)}<\/style>\n<p>\t\t\t\t\t\t\t\t\t\t\t\t\t\t\t<img decoding=\"async\" width=\"676\" height=\"1024\" src=\"https:\/\/grupochacon.com.pa\/wp-content\/uploads\/2023\/10\/Cubierta-Compendio-juridico-676x1024.jpg\" alt=\"\" loading=\"lazy\" srcset=\"https:\/\/grupochacon.com.pa\/wp-content\/uploads\/2023\/10\/Cubierta-Compendio-juridico-676x1024.jpg 676w, https:\/\/grupochacon.com.pa\/wp-content\/uploads\/2023\/10\/Cubierta-Compendio-juridico-scaled-600x909.jpg 600w, https:\/\/grupochacon.com.pa\/wp-content\/uploads\/2023\/10\/Cubierta-Compendio-juridico-198x300.jpg 198w, https:\/\/grupochacon.com.pa\/wp-content\/uploads\/2023\/10\/Cubierta-Compendio-juridico-768x1163.jpg 768w, https:\/\/grupochacon.com.pa\/wp-content\/uploads\/2023\/10\/Cubierta-Compendio-juridico-1014x1536.jpg 1014w, https:\/\/grupochacon.com.pa\/wp-content\/uploads\/2023\/10\/Cubierta-Compendio-juridico-1352x2048.jpg 1352w, https:\/\/grupochacon.com.pa\/wp-content\/uploads\/2023\/10\/Cubierta-Compendio-juridico-8x12.jpg 8w, https:\/\/grupochacon.com.pa\/wp-content\/uploads\/2023\/10\/Cubierta-Compendio-juridico-1320x1999.jpg 1320w, https:\/\/grupochacon.com.pa\/wp-content\/uploads\/2023\/10\/Cubierta-Compendio-juridico-scaled.jpg 1690w\" sizes=\"auto, (max-width: 676px) 100vw, 676px\" \/>\t\t\t\t\t\t\t\t\t\t\t\t\t\t\t<\/p>\n<h2>COMPENDIO JUR\u00cdDICO:&nbsp;<br \/>Normas de Prevenci\u00f3n de Lavado de Dinero, Financiamiento del Terrorismo y Financiamiento de Armas de Destrucci\u00f3n Masiva en Panam\u00e1.<br \/>A\u00f1o de publicaci\u00f3n: 2023. &nbsp;Editorial D&#8217;McPherson. Panam\u00e1, Rep\u00fablica de Panam\u00e1. &#8211;&nbsp;<strong style=\"color: var(--ast-global-color-2); font-size: 1.466667rem;\">ISBN:978-9962-14-097-9<\/strong><\/h2>\n<p>\t\t\t<a href=\"https:\/\/grupochacon.com.pa\/producto\/compendio-juridico-normas-de-prevencion\/%20\" target=\"_blank\" rel=\"noopener\"><br \/>\n\t\t\t\t\t\tCOMPRAR<br \/>\n\t\t\t\t\t<\/a><\/p>\n<h4 style=\"font-style: normal;\">Disponible en Amazon Kindle: \u00a0<\/h4>\n<p>\u00a0<\/p>\n<p><iframe loading=\"lazy\" title=\"COMPENDIO JUR\u00cdDICO: Normas de Prevenci\u00f3n de Lavado de Dinero, Financiamiento del Terrorismo y Financiamiento de Armas de Destrucci\u00f3n Masiva en Panam\u00e1 (Spanish Edition)\" type=\"text\/html\" width=\"500\" height=\"550\" frameborder=\"0\" allowfullscreen style=\"max-width:100%\" src=\"https:\/\/read.amazon.com\/kp\/card?preview=inline&#038;linkCode=kpd&#038;ref_=k4w_oembed_wyKgEzdS1gdRYd&#038;asin=B0CJG465W5&#038;tag=kpembed-20\"><\/iframe><\/p>\n","protected":false},"excerpt":{"rendered":"<p>LIBROS DERECHO MERCANTIL I ANTECEDENTES \u2013 ACTO DE COMERCIO \u2013&nbsp;EL COMERCIANTE \u2013 SOCIEDADES CIVILES \u2013 SOCIEDADES COMERCIALES \u2013 SOCIEDADES AN\u00d3NIMAS A\u00f1o de publicaci\u00f3n &#8211; 2023 Editorial D&#8217;McPherson. Panam\u00e1, Rep\u00fablica de Panam\u00e1.&nbsp; ISBN: 978-9962-14-103-7 comprar COMPENDIO JUR\u00cdDICO:&nbsp;Normas de Prevenci\u00f3n de Lavado de Dinero, Financiamiento del Terrorismo y Financiamiento de Armas de Destrucci\u00f3n Masiva en Panam\u00e1.A\u00f1o de &hellip;<\/p>\n<p class=\"read-more\"> <a class=\"\" href=\"https:\/\/grupochacon.com.pa\/en\/chacon-cumplimiento\/libros\/\"> <span class=\"screen-reader-text\">Libros<\/span> Read More &raquo;<\/a><\/p>","protected":false},"author":1,"featured_media":0,"parent":1361,"menu_order":0,"comment_status":"closed","ping_status":"closed","template":"","meta":{"site-sidebar-layout":"no-sidebar","site-content-layout":"page-builder","ast-global-header-display":"","ast-main-header-display":"","ast-hfb-above-header-display":"","ast-hfb-below-header-display":"","ast-hfb-mobile-header-display":"","site-post-title":"disabled","ast-breadcrumbs-content":"","ast-featured-img":"disabled","footer-sml-layout":"","theme-transparent-header-meta":"","adv-header-id-meta":"","stick-header-meta":"","header-above-stick-meta":"","header-main-stick-meta":"","header-below-stick-meta":"","_joinchat":[],"footnotes":""},"class_list":["post-1800","page","type-page","status-publish","hentry"],"jetpack_sharing_enabled":true,"_links":{"self":[{"href":"https:\/\/grupochacon.com.pa\/en\/wp-json\/wp\/v2\/pages\/1800","targetHints":{"allow":["GET"]}}],"collection":[{"href":"https:\/\/grupochacon.com.pa\/en\/wp-json\/wp\/v2\/pages"}],"about":[{"href":"https:\/\/grupochacon.com.pa\/en\/wp-json\/wp\/v2\/types\/page"}],"author":[{"embeddable":true,"href":"https:\/\/grupochacon.com.pa\/en\/wp-json\/wp\/v2\/users\/1"}],"replies":[{"embeddable":true,"href":"https:\/\/grupochacon.com.pa\/en\/wp-json\/wp\/v2\/comments?post=1800"}],"version-history":[{"count":44,"href":"https:\/\/grupochacon.com.pa\/en\/wp-json\/wp\/v2\/pages\/1800\/revisions"}],"predecessor-version":[{"id":2112,"href":"https:\/\/grupochacon.com.pa\/en\/wp-json\/wp\/v2\/pages\/1800\/revisions\/2112"}],"up":[{"embeddable":true,"href":"https:\/\/grupochacon.com.pa\/en\/wp-json\/wp\/v2\/pages\/1361"}],"wp:attachment":[{"href":"https:\/\/grupochacon.com.pa\/en\/wp-json\/wp\/v2\/media?parent=1800"}],"curies":[{"name":"wp","href":"https:\/\/api.w.org\/{rel}","templated":true}]}}