{"id":1747,"date":"2022-10-11T11:28:00","date_gmt":"2022-10-11T11:28:00","guid":{"rendered":"https:\/\/grupochacon.com.pa\/?page_id=1747"},"modified":"2024-01-02T16:55:12","modified_gmt":"2024-01-02T16:55:12","slug":"seminarios","status":"publish","type":"page","link":"https:\/\/grupochacon.com.pa\/en\/chacon-cumplimiento\/seminarios\/","title":{"rendered":"Seminars"},"content":{"rendered":"<style>\/*! elementor - v3.16.0 - 09-10-2023 *\/\n.elementor-widget-divider{--divider-border-style:none;--divider-border-width:1px;--divider-color:#0c0d0e;--divider-icon-size:20px;--divider-element-spacing:10px;--divider-pattern-height:24px;--divider-pattern-size:20px;--divider-pattern-url:none;--divider-pattern-repeat:repeat-x}.elementor-widget-divider .elementor-divider{display:flex}.elementor-widget-divider .elementor-divider__text{font-size:15px;line-height:1;max-width:95%}.elementor-widget-divider .elementor-divider__element{margin:0 var(--divider-element-spacing);flex-shrink:0}.elementor-widget-divider .elementor-icon{font-size:var(--divider-icon-size)}.elementor-widget-divider .elementor-divider-separator{display:flex;margin:0;direction:ltr}.elementor-widget-divider--view-line_icon .elementor-divider-separator,.elementor-widget-divider--view-line_text .elementor-divider-separator{align-items:center}.elementor-widget-divider--view-line_icon .elementor-divider-separator:after,.elementor-widget-divider--view-line_icon .elementor-divider-separator:before,.elementor-widget-divider--view-line_text .elementor-divider-separator:after,.elementor-widget-divider--view-line_text .elementor-divider-separator:before{display:block;content:\"\";border-bottom:0;flex-grow:1;border-top:var(--divider-border-width) var(--divider-border-style) var(--divider-color)}.elementor-widget-divider--element-align-left .elementor-divider .elementor-divider-separator>.elementor-divider__svg:first-of-type{flex-grow:0;flex-shrink:100}.elementor-widget-divider--element-align-left .elementor-divider-separator:before{content:none}.elementor-widget-divider--element-align-left .elementor-divider__element{margin-left:0}.elementor-widget-divider--element-align-right .elementor-divider .elementor-divider-separator>.elementor-divider__svg:last-of-type{flex-grow:0;flex-shrink:100}.elementor-widget-divider--element-align-right .elementor-divider-separator:after{content:none}.elementor-widget-divider--element-align-right .elementor-divider__element{margin-right:0}.elementor-widget-divider:not(.elementor-widget-divider--view-line_text):not(.elementor-widget-divider--view-line_icon) .elementor-divider-separator{border-top:var(--divider-border-width) var(--divider-border-style) var(--divider-color)}.elementor-widget-divider--separator-type-pattern{--divider-border-style:none}.elementor-widget-divider--separator-type-pattern.elementor-widget-divider--view-line .elementor-divider-separator,.elementor-widget-divider--separator-type-pattern:not(.elementor-widget-divider--view-line) .elementor-divider-separator:after,.elementor-widget-divider--separator-type-pattern:not(.elementor-widget-divider--view-line) .elementor-divider-separator:before,.elementor-widget-divider--separator-type-pattern:not([class*=elementor-widget-divider--view]) .elementor-divider-separator{width:100%;min-height:var(--divider-pattern-height);-webkit-mask-size:var(--divider-pattern-size) 100%;mask-size:var(--divider-pattern-size) 100%;-webkit-mask-repeat:var(--divider-pattern-repeat);mask-repeat:var(--divider-pattern-repeat);background-color:var(--divider-color);-webkit-mask-image:var(--divider-pattern-url);mask-image:var(--divider-pattern-url)}.elementor-widget-divider--no-spacing{--divider-pattern-size:auto}.elementor-widget-divider--bg-round{--divider-pattern-repeat:round}.rtl .elementor-widget-divider .elementor-divider__text{direction:rtl}.e-con-inner>.elementor-widget-divider,.e-con>.elementor-widget-divider{width:var(--container-widget-width,100%);--flex-grow:var(--container-widget-flex-grow)}<\/style>\n<style>\/*! elementor - v3.16.0 - 09-10-2023 *\/\n.elementor-heading-title{padding:0;margin:0;line-height:1}.elementor-widget-heading .elementor-heading-title[class*=elementor-size-]>a{color:inherit;font-size:inherit;line-height:inherit}.elementor-widget-heading .elementor-heading-title.elementor-size-small{font-size:15px}.elementor-widget-heading .elementor-heading-title.elementor-size-medium{font-size:19px}.elementor-widget-heading .elementor-heading-title.elementor-size-large{font-size:29px}.elementor-widget-heading .elementor-heading-title.elementor-size-xl{font-size:39px}.elementor-widget-heading .elementor-heading-title.elementor-size-xxl{font-size:59px}<\/style>\n<h2>Seminarios<\/h2>\n<style>\/*! elementor - v3.16.0 - 09-10-2023 *\/\n.elementor-widget-image{text-align:center}.elementor-widget-image a{display:inline-block}.elementor-widget-image a img[src$=\".svg\"]{width:48px}.elementor-widget-image img{vertical-align:middle;display:inline-block}<\/style>\n<p>\t\t\t\t\t\t\t\t\t\t\t\t<img decoding=\"async\" width=\"1080\" height=\"1080\" src=\"https:\/\/grupochacon.com.pa\/wp-content\/uploads\/2023\/10\/INTENSIVO-2.png\" alt=\"\" loading=\"lazy\" srcset=\"https:\/\/grupochacon.com.pa\/wp-content\/uploads\/2023\/10\/INTENSIVO-2.png 1080w, https:\/\/grupochacon.com.pa\/wp-content\/uploads\/2023\/10\/INTENSIVO-2-300x300.png 300w, https:\/\/grupochacon.com.pa\/wp-content\/uploads\/2023\/10\/INTENSIVO-2-1024x1024.png 1024w, https:\/\/grupochacon.com.pa\/wp-content\/uploads\/2023\/10\/INTENSIVO-2-150x150.png 150w, https:\/\/grupochacon.com.pa\/wp-content\/uploads\/2023\/10\/INTENSIVO-2-768x768.png 768w, https:\/\/grupochacon.com.pa\/wp-content\/uploads\/2023\/10\/INTENSIVO-2-12x12.png 12w\" sizes=\"auto, (max-width: 1080px) 100vw, 1080px\" \/>\t\t\t\t\t\t\t\t\t\t\t\t\t\t\t<\/p>\n<h4>Seminario Intensivo: LA SOCIEDAD AN\u00d3NIMA<\/h4>\n<p style=\"margin-bottom: 0px; font-stretch: normal; line-height: normal;\"><font color=\"#000000\"><font face=\"Helvetica Neue\" size=\"2\">Todos los aspectos legales y&nbsp;pr\u00e1cticos para constituir y mantener una sociedad an\u00f3nima:<\/font><\/font><\/p>\n<p style=\"margin-bottom: 0px; font-stretch: normal; line-height: normal;\"><font color=\"#000000\"><font face=\"Helvetica Neue\" size=\"2\">Pacto Social.<\/font><\/font><\/p>\n<p style=\"margin-bottom: 0px; font-stretch: normal; line-height: normal;\"><font color=\"#000000\"><font face=\"Helvetica Neue\" size=\"2\">Actas de Accionistas.<\/font><\/font><\/p>\n<p style=\"margin-bottom: 0px; font-stretch: normal; line-height: normal;\"><font color=\"#000000\"><font face=\"Helvetica Neue\" size=\"2\">Actas de Directores.<\/font><\/font><\/p>\n<p style=\"margin-bottom: 0px; font-stretch: normal; line-height: normal;\"><font color=\"#000000\"><font face=\"Helvetica Neue\" size=\"2\">Emisi\u00f3n y Custodia de Acciones.<\/font><\/font><\/p>\n<p style=\"margin-bottom: 0px; font-stretch: normal; line-height: normal;\"><font color=\"#000000\"><font face=\"Helvetica Neue\" size=\"2\">Cumplimiento de las leyes de prevenci\u00f3n de lavado de dinero y registros contables.<\/font><\/font><\/p>\n<p style=\"margin-bottom: 0px; font-stretch: normal; line-height: normal;\"><font color=\"#000000\"><font face=\"Helvetica Neue\" size=\"2\">Disoluci\u00f3n de la sociedad.<\/font><\/font><\/p>\n<p style=\"margin-bottom: 0px; font-stretch: normal; line-height: normal;\"><font color=\"#000000\"><font face=\"Helvetica Neue\" size=\"2\">El seminario\/taller se ofrecer\u00e1 en modalidad h\u00edbrida (virtual y presencial).<\/font><\/font><\/p>\n<p style=\"margin-bottom: 0px; font-stretch: normal; line-height: normal;\">Preventa: 14 al 28 de octubre. &nbsp;<\/p>\n<p style=\"margin-bottom: 0px; font-stretch: normal; line-height: normal;\">Costo en preventa:&nbsp;&nbsp;50.00<\/p>\n<p style=\"font-size: 13px; font-style: normal; margin-bottom: 0px; font-stretch: normal; line-height: normal; font-family: 'Helvetica Neue';\">Venta Oficial: del 29 de octubre al 17 de noviembre. &nbsp;<\/p>\n<p style=\"margin-bottom: 0px; font-stretch: normal; line-height: normal;\"><font color=\"#000000\" face=\"Helvetica Neue\" size=\"2\">Precio Regular: 75.00<\/font><\/p>\n<p style=\"margin-bottom: 0px; font-stretch: normal; line-height: normal;\"><font color=\"#000000\" face=\"Helvetica Neue\" size=\"2\">Estudiantes: 5% menos<\/font><\/p>\n<p style=\"font-size: 13px; font-style: normal; margin-bottom: 0px; font-stretch: normal; line-height: normal; font-family: 'Helvetica Neue';\">Los cupos presenciales son limitados (s\u00f3lo 20) para garantizar el m\u00e1ximo aprovechamiento de nuestros participantes.&nbsp;<\/p>\n<p style=\"font-size: 13px; font-style: normal; margin-bottom: 0px; font-stretch: normal; line-height: normal; font-family: 'Helvetica Neue';\">&nbsp;<\/p>\n<p style=\"margin-bottom: 0px; font-stretch: normal; line-height: normal;\">Favor solicitar informaci\u00f3n general al correo: info@grupochacon.com.pa o al&nbsp;WhatsApp&nbsp;66709570<\/p>\n<p style=\"margin-bottom: 0px; font-style: normal; font-stretch: normal; font-size: 13px; line-height: normal; font-family: 'Helvetica Neue';\">\n<p>\t\t\t<a href=\"https:\/\/grupochacon.com.pa\/producto\/seminario-la-sociedad-anonima-noviembre-2023\/\" target=\"_blank\" comprar=\"\" rel=\"noopener\"><br \/>\n\t\t\t\t\t\tComprar boletos<br \/>\n\t\t\t\t\t<\/a><br \/>\n\t\t\t\t\t\t\t\t\t\t\t\t\t\t\t<img decoding=\"async\" width=\"1080\" height=\"1080\" src=\"https:\/\/grupochacon.com.pa\/wp-content\/uploads\/2023\/08\/seminario-de-redaccion.jpg\" alt=\"\" loading=\"lazy\" srcset=\"https:\/\/grupochacon.com.pa\/wp-content\/uploads\/2023\/08\/seminario-de-redaccion.jpg 1080w, https:\/\/grupochacon.com.pa\/wp-content\/uploads\/2023\/08\/seminario-de-redaccion-300x300.jpg 300w, https:\/\/grupochacon.com.pa\/wp-content\/uploads\/2023\/08\/seminario-de-redaccion-1024x1024.jpg 1024w, https:\/\/grupochacon.com.pa\/wp-content\/uploads\/2023\/08\/seminario-de-redaccion-150x150.jpg 150w, https:\/\/grupochacon.com.pa\/wp-content\/uploads\/2023\/08\/seminario-de-redaccion-768x768.jpg 768w, https:\/\/grupochacon.com.pa\/wp-content\/uploads\/2023\/08\/seminario-de-redaccion-12x12.jpg 12w\" sizes=\"auto, (max-width: 1080px) 100vw, 1080px\" \/>\t\t\t\t\t\t\t\t\t\t\t\t\t\t\t<\/p>\n<h4>Seminario de Redacci\u00f3n Legal<\/h4>\n<p style=\"font-size: 13px; font-style: normal; margin-bottom: 0px; font-stretch: normal; line-height: normal; font-family: 'Helvetica Neue';\">En nuestros tres m\u00f3dulos, perfeccionar\u00e1s la redacci\u00f3n legal:<\/p>\n<ul style=\"font-size: 16px; font-style: normal;\">\n<li style=\"font-size: 13px; font-style: normal; font-stretch: normal; line-height: normal; font-family: 'Helvetica Neue';\">M\u00f3dulo 1: documentos b\u00e1sicos (cartas, propuestas, respuestas a solicitudes).\u00a0<\/li>\n<li style=\"font-size: 13px; font-style: normal; font-stretch: normal; line-height: normal; font-family: 'Helvetica Neue';\">M\u00f3dulo 2: Poder y Memorial para Migraci\u00f3n.\u00a0 Poder y Demanda de Lanzamiento.<\/li>\n<li style=\"font-size: 13px; font-style: normal; font-stretch: normal; line-height: normal; font-family: 'Helvetica Neue';\">M\u00f3dulo 3: Escrituras p\u00fablicas.<\/li>\n<li style=\"font-size: 13px; font-style: normal; font-stretch: normal; line-height: normal; font-family: 'Helvetica Neue';\">El seminario\/taller se ofrecer\u00e1 en modalidad hibrida (virtual y presencial).<\/li>\n<\/ul>\n<p style=\"font-size: 13px; font-style: normal; margin-bottom: 0px; font-stretch: normal; line-height: normal; font-family: 'Helvetica Neue';\">Preventa: 11 al 18 de agosto. \u00a0Costo en preventa: 50.00<\/p>\n<p style=\"font-size: 13px; font-style: normal; margin-bottom: 0px; font-stretch: normal; line-height: normal; font-family: 'Helvetica Neue';\">\u00a0<\/p>\n<p style=\"font-size: 13px; font-style: normal; margin-bottom: 0px; font-stretch: normal; line-height: normal; font-family: 'Helvetica Neue';\">Venta Oficial: del 19 de agosto al 15 de septiembre. \u00a0Costo 75.00<\/p>\n<p style=\"font-size: 13px; font-style: normal; margin-bottom: 0px; font-stretch: normal; line-height: normal; font-family: 'Helvetica Neue';\">\u00a0<\/p>\n<p style=\"font-size: 13px; font-style: normal; margin-bottom: 0px; font-stretch: normal; line-height: normal; font-family: 'Helvetica Neue';\">Los cupos son limitados para garantizar el m\u00e1ximo aprovechamiento de nuestros participantes.\u00a0<\/p>\n<p style=\"font-size: 13px; font-style: normal; margin-bottom: 0px; font-stretch: normal; line-height: normal; font-family: 'Helvetica Neue';\">\u00a0<\/p>\n<p style=\"margin-bottom: 0px; font-stretch: normal; line-height: normal;\">Favor solicitar informaci\u00f3n general al correo: info@grupochacon.com.pa o al\u00a0WhatsApp\u00a066709570<\/p>\n<p style=\"margin-bottom: 0px; font-style: normal; font-stretch: normal; font-size: 13px; line-height: normal; font-family: 'Helvetica Neue';\">\u00a0<\/p>\n<p>\t\t\t<a href=\"https:\/\/wa.me\/50766709570\" target=\"_blank\" comprar=\"\" rel=\"noopener\"><br \/>\n\t\t\t\t\t\tComprar boletos<br \/>\n\t\t\t\t\t<\/a><br \/>\n\t\t\t\t\t\t\t\t\t\t\t\t\t\t\t<img decoding=\"async\" width=\"1080\" height=\"1080\" src=\"https:\/\/grupochacon.com.pa\/wp-content\/uploads\/2023\/02\/6DF2D64A-CCAC-49B3-9DB5-62E4079C07C4.png\" alt=\"\" loading=\"lazy\" srcset=\"https:\/\/grupochacon.com.pa\/wp-content\/uploads\/2023\/02\/6DF2D64A-CCAC-49B3-9DB5-62E4079C07C4.png 1080w, https:\/\/grupochacon.com.pa\/wp-content\/uploads\/2023\/02\/6DF2D64A-CCAC-49B3-9DB5-62E4079C07C4-300x300.png 300w, https:\/\/grupochacon.com.pa\/wp-content\/uploads\/2023\/02\/6DF2D64A-CCAC-49B3-9DB5-62E4079C07C4-1024x1024.png 1024w, https:\/\/grupochacon.com.pa\/wp-content\/uploads\/2023\/02\/6DF2D64A-CCAC-49B3-9DB5-62E4079C07C4-150x150.png 150w, https:\/\/grupochacon.com.pa\/wp-content\/uploads\/2023\/02\/6DF2D64A-CCAC-49B3-9DB5-62E4079C07C4-768x768.png 768w, https:\/\/grupochacon.com.pa\/wp-content\/uploads\/2023\/02\/6DF2D64A-CCAC-49B3-9DB5-62E4079C07C4-12x12.png 12w\" sizes=\"auto, (max-width: 1080px) 100vw, 1080px\" \/>\t\t\t\t\t\t\t\t\t\t\t\t\t\t\t<\/p>\n<h4>La prevenci\u00f3n es su mejor inversi\u00f3n<\/h4>\n<p>Participe en nuestra Conferencia Anual sobre prevenci\u00f3n de lavado de dinero \u201cLa Prevenci\u00f3n es su mejor Inversi\u00f3n\u201d a celebrarse el pr\u00f3ximo 16 de Marzo de 2023 y conozca:<\/p>\n<p style=\"margin-bottom: 0px; font-style: normal; font-stretch: normal; font-size: 13px; line-height: normal; font-family: 'Helvetica Neue';\"><img decoding=\"async\" role=\"img\" draggable=\"false\" src=\"https:\/\/s.w.org\/images\/core\/emoji\/14.0.0\/svg\/2714.svg\" alt=\"\u2714\ufe0f\" \/>La evoluci\u00f3n de las leyes de Prevenci\u00f3n de Lavado de Dinero.<\/p>\n<p style=\"margin-bottom: 0px; font-style: normal; font-stretch: normal; font-size: 13px; line-height: normal; font-family: 'Helvetica Neue';\"><img decoding=\"async\" role=\"img\" draggable=\"false\" src=\"https:\/\/s.w.org\/images\/core\/emoji\/14.0.0\/svg\/2714.svg\" alt=\"\u2714\ufe0f\" \/>El servicio de directores nominativos y similares.<\/p>\n<p style=\"margin-bottom: 0px; font-style: normal; font-stretch: normal; font-size: 13px; line-height: normal; font-family: 'Helvetica Neue';\"><img decoding=\"async\" role=\"img\" draggable=\"false\" src=\"https:\/\/s.w.org\/images\/core\/emoji\/14.0.0\/svg\/2714.svg\" alt=\"\u2714\ufe0f\" \/>El Registro \u00fanico de beneficiarios finales.<\/p>\n<p style=\"margin-bottom: 0px; font-style: normal; font-stretch: normal; font-size: 13px; line-height: normal; font-family: 'Helvetica Neue';\"><img decoding=\"async\" role=\"img\" draggable=\"false\" src=\"https:\/\/s.w.org\/images\/core\/emoji\/14.0.0\/svg\/2714.svg\" alt=\"\u2714\ufe0f\" \/>El perfil Financiero y Transaccional.<\/p>\n<p style=\"margin-bottom: 0px; font-style: normal; font-stretch: normal; font-size: 13px; line-height: normal; font-family: 'Helvetica Neue';\"><img decoding=\"async\" role=\"img\" draggable=\"false\" src=\"https:\/\/s.w.org\/images\/core\/emoji\/14.0.0\/svg\/2714.svg\" alt=\"\u2714\ufe0f\" \/>Los registros contables.<\/p>\n<p>\u00a0<\/p>\n<p style=\"margin-bottom: 0px; font-style: normal; font-stretch: normal; font-size: 13px; line-height: normal; font-family: 'Helvetica Neue';\">Preventa hasta el 15 de febrero.<\/p>\n<p>\u00a0<\/p>\n<p style=\"margin-bottom: 0px; font-style: normal; font-stretch: normal; font-size: 13px; line-height: normal; font-family: 'Helvetica Neue';\"><img decoding=\"async\" role=\"img\" draggable=\"false\" src=\"https:\/\/s.w.org\/images\/core\/emoji\/14.0.0\/svg\/1f449.svg\" alt=\"\ud83d\udc49\" \/><b> <\/b><b>Boletos de venta en\u00a0@tustiquetes<\/b><\/p>\n<p style=\"margin-bottom: 0px; font-style: normal; font-stretch: normal; font-size: 13px; line-height: normal; font-family: 'Helvetica Neue';\"><img decoding=\"async\" role=\"img\" draggable=\"false\" src=\"https:\/\/s.w.org\/images\/core\/emoji\/14.0.0\/svg\/1f449.svg\" alt=\"\ud83d\udc49\" \/><b> Socios del\u00a0@clubprensa tienen 30% de descuento.<\/b><\/p>\n<p style=\"margin-bottom: 0px; font-style: normal; font-stretch: normal; font-size: 13px; line-height: normal; font-family: 'Helvetica Neue';\">\u00a0<\/p>\n<p>\u00a0<\/p>\n<p>\t\t\t<a href=\"https:\/\/www.tustiquetes.com\/listing\/la-prevencion-mejor-inversion\/\" target=\"_blank\" comprar=\"\" rel=\"noopener\"><br \/>\n\t\t\t\t\t\tComprar boletos<br \/>\n\t\t\t\t\t<\/a><br \/>\n\t\t\t\t\t\t\t\t\t\t\t\t\t\t\t<img decoding=\"async\" width=\"1080\" height=\"1080\" src=\"https:\/\/grupochacon.com.pa\/wp-content\/uploads\/2022\/09\/WhatsApp-Image-2022-09-23-at-7.13.42-PM.jpeg\" alt=\"REDACCI\u00d3N LEGAL INTENSIVA\" loading=\"lazy\" srcset=\"https:\/\/grupochacon.com.pa\/wp-content\/uploads\/2022\/09\/WhatsApp-Image-2022-09-23-at-7.13.42-PM.jpeg 1080w, https:\/\/grupochacon.com.pa\/wp-content\/uploads\/2022\/09\/WhatsApp-Image-2022-09-23-at-7.13.42-PM-300x300.jpeg 300w, https:\/\/grupochacon.com.pa\/wp-content\/uploads\/2022\/09\/WhatsApp-Image-2022-09-23-at-7.13.42-PM-1024x1024.jpeg 1024w, https:\/\/grupochacon.com.pa\/wp-content\/uploads\/2022\/09\/WhatsApp-Image-2022-09-23-at-7.13.42-PM-150x150.jpeg 150w, https:\/\/grupochacon.com.pa\/wp-content\/uploads\/2022\/09\/WhatsApp-Image-2022-09-23-at-7.13.42-PM-768x768.jpeg 768w\" sizes=\"auto, (max-width: 1080px) 100vw, 1080px\" \/>\t\t\t\t\t\t\t\t\t\t\t\t\t\t\t<\/p>\n<h4>Redacci\u00f3n Legal Intensiva<\/h4>\n<p style=\"margin-bottom: 0px; font-style: normal; font-stretch: normal; font-size: 13px; line-height: normal; font-family: 'Helvetica Neue';\">17, 18 y 19 DE OCTUBRE DE 2022 DE 2 A 4 PM.<\/p>\n<p style=\"margin-bottom: 0px; font-style: normal; font-stretch: normal; font-size: 13px; line-height: normal; font-family: 'Helvetica Neue';\">\u00a0<\/p>\n<p style=\"margin-bottom: 0px; font-style: normal; font-stretch: normal; font-size: 13px; line-height: normal; font-family: 'Helvetica Neue';\">En nuestros tres m\u00f3dulos, perfeccionar\u00e1s la redacci\u00f3n legal:<\/p>\n<ul>\n<li style=\"font-style: normal; font-stretch: normal; font-size: 13px; line-height: normal; font-family: 'Helvetica Neue';\">M\u00f3dulo 1: documentos b\u00e1sicos (cartas, propuestas, respuestas a solicitudes).\u00a0<\/li>\n<li style=\"font-style: normal; font-stretch: normal; font-size: 13px; line-height: normal; font-family: 'Helvetica Neue';\">M\u00f3dulo 2: Poder y Memorial para Migraci\u00f3n.\u00a0 Poder y Demanda de Lanzamiento.<\/li>\n<li style=\"font-style: normal; font-stretch: normal; font-size: 13px; line-height: normal; font-family: 'Helvetica Neue';\">M\u00f3dulo 3: Escrituras p\u00fablicas.<\/li>\n<li style=\"font-style: normal; font-stretch: normal; font-size: 13px; line-height: normal; font-family: 'Helvetica Neue';\">El seminario\/taller se ofrecer\u00e1 en modalidad hibrida (virtual y presencial).<\/li>\n<\/ul>\n<p style=\"margin-bottom: 0px; font-style: normal; font-stretch: normal; font-size: 13px; line-height: normal; font-family: 'Helvetica Neue';\">Los cupos son limitados para garantizar el m\u00e1ximo aprovechamiento de nuestros participantes.\u00a0 Reserva tu cupo abonando el 50% del costo del seminario.\u00a0<\/p>\n<ul>\n<li style=\"font-style: normal; font-stretch: normal; font-size: 13px; line-height: normal; font-family: 'Helvetica Neue';\">Inversi\u00f3n presencial: USD 150<\/li>\n<li style=\"font-style: normal; font-stretch: normal; font-size: 13px; line-height: normal; font-family: 'Helvetica Neue';\">Inversi\u00f3n virtual: USD 105.00<\/li>\n<li style=\"font-style: normal; font-stretch: normal; font-size: 13px; line-height: normal; font-family: 'Helvetica Neue';\">Precio especial estudiantes,\u00a0 grupos (m\u00e1s de 3) y Preventa: USD 75.00 (s\u00f3lo virtual )<\/li>\n<\/ul>\n<p style=\"margin-bottom: 0px; font-style: normal; font-stretch: normal; font-size: 13px; line-height: normal; font-family: 'Helvetica Neue';\">Favor solicitar informaci\u00f3n general al correo: info@grupochacon.com.pa\u00a0<\/p>\n<p style=\"margin-bottom: 0px; font-style: normal; font-stretch: normal; font-size: 13px; line-height: normal; font-family: 'Helvetica Neue';\">Inscripciones aqu\u00ed:<\/p>\n<p style=\"margin-bottom: 0px; font-style: normal; font-stretch: normal; font-size: 13px; line-height: normal; font-family: 'Helvetica Neue';\">\u00a0<\/p>\n<p style=\"margin-bottom: 0px; font-style: normal; font-stretch: normal; font-size: 13px; line-height: normal; font-family: 'Helvetica Neue'; color: #dca10d;\"><a style=\"color: #0000ff;\" href=\"https:\/\/forms.gle\/pHJPQsNX9ZTn4TPS8\">https:\/\/forms.gle\/pHJPQsNX9ZTn4TPS8\u00a0<\/a><\/p>\n<p style=\"margin-bottom: 0px; font-style: normal; font-stretch: normal; font-size: 13px; line-height: normal; font-family: 'Helvetica Neue'; color: #dca10d;\">\u00a0<\/p>\n<p style=\"margin-bottom: 0px; font-style: normal; font-stretch: normal; font-size: 13px; line-height: normal; font-family: 'Helvetica Neue';\">Puede realizar su pago v\u00eda CUANTO.APP\u00a0<\/p>\n<p style=\"margin-bottom: 0px; font-style: normal; font-stretch: normal; font-size: 13px; line-height: normal; font-family: 'Helvetica Neue';\">\u00a0<\/p>\n<p style=\"margin-bottom: 0px; font-style: normal; font-stretch: normal; font-size: 13px; line-height: normal; font-family: 'Helvetica Neue'; color: #dca10d;\"><a style=\"color: #0000ff;\" href=\"https:\/\/cuanto.app\/grupochaconmelendez\/p\/a5953f\">https:\/\/cuanto.app\/grupochaconmelendez\/p\/a5953f<\/a><\/p>\n<p>\u00a0<\/p>\n","protected":false},"excerpt":{"rendered":"<p>Seminarios Seminario Intensivo: LA SOCIEDAD AN\u00d3NIMA Todos los aspectos legales y&nbsp;pr\u00e1cticos para constituir y mantener una sociedad an\u00f3nima: Pacto Social. Actas de Accionistas. Actas de Directores. Emisi\u00f3n y Custodia de Acciones. Cumplimiento de las leyes de prevenci\u00f3n de lavado de dinero y registros contables. Disoluci\u00f3n de la sociedad. El seminario\/taller se ofrecer\u00e1 en modalidad h\u00edbrida &hellip;<\/p>\n<p class=\"read-more\"> <a class=\"\" href=\"https:\/\/grupochacon.com.pa\/en\/chacon-cumplimiento\/seminarios\/\"> <span class=\"screen-reader-text\">Seminars<\/span> Read More &raquo;<\/a><\/p>","protected":false},"author":1,"featured_media":1749,"parent":1361,"menu_order":0,"comment_status":"closed","ping_status":"closed","template":"","meta":{"site-sidebar-layout":"no-sidebar","site-content-layout":"page-builder","ast-global-header-display":"","ast-main-header-display":"","ast-hfb-above-header-display":"","ast-hfb-below-header-display":"","ast-hfb-mobile-header-display":"","site-post-title":"disabled","ast-breadcrumbs-content":"","ast-featured-img":"disabled","footer-sml-layout":"","theme-transparent-header-meta":"","adv-header-id-meta":"","stick-header-meta":"","header-above-stick-meta":"","header-main-stick-meta":"","header-below-stick-meta":"","_joinchat":[],"footnotes":""},"class_list":["post-1747","page","type-page","status-publish","has-post-thumbnail","hentry"],"jetpack_sharing_enabled":true,"_links":{"self":[{"href":"https:\/\/grupochacon.com.pa\/en\/wp-json\/wp\/v2\/pages\/1747","targetHints":{"allow":["GET"]}}],"collection":[{"href":"https:\/\/grupochacon.com.pa\/en\/wp-json\/wp\/v2\/pages"}],"about":[{"href":"https:\/\/grupochacon.com.pa\/en\/wp-json\/wp\/v2\/types\/page"}],"author":[{"embeddable":true,"href":"https:\/\/grupochacon.com.pa\/en\/wp-json\/wp\/v2\/users\/1"}],"replies":[{"embeddable":true,"href":"https:\/\/grupochacon.com.pa\/en\/wp-json\/wp\/v2\/comments?post=1747"}],"version-history":[{"count":39,"href":"https:\/\/grupochacon.com.pa\/en\/wp-json\/wp\/v2\/pages\/1747\/revisions"}],"predecessor-version":[{"id":1975,"href":"https:\/\/grupochacon.com.pa\/en\/wp-json\/wp\/v2\/pages\/1747\/revisions\/1975"}],"up":[{"embeddable":true,"href":"https:\/\/grupochacon.com.pa\/en\/wp-json\/wp\/v2\/pages\/1361"}],"wp:featuredmedia":[{"embeddable":true,"href":"https:\/\/grupochacon.com.pa\/en\/wp-json\/wp\/v2\/media\/1749"}],"wp:attachment":[{"href":"https:\/\/grupochacon.com.pa\/en\/wp-json\/wp\/v2\/media?parent=1747"}],"curies":[{"name":"wp","href":"https:\/\/api.w.org\/{rel}","templated":true}]}}