{"id":17,"date":"2021-03-05T20:12:02","date_gmt":"2021-03-05T20:12:02","guid":{"rendered":"https:\/\/grupochacon.com.pa\/contact\/"},"modified":"2025-10-28T15:36:19","modified_gmt":"2025-10-28T15:36:19","slug":"contacto","status":"publish","type":"page","link":"https:\/\/grupochacon.com.pa\/en\/contacto\/","title":{"rendered":"CONTACT"},"content":{"rendered":"<h1>\u00bfNecesitas asesor\u00eda? \u00a1Cont\u00e1ctanos!<\/h1>\n<p>\t\t\t<iframe loading=\"lazy\"\n\t\t\t\t\tsrc=\"https:\/\/maps.google.com\/maps?q=Calle%2060%20y%20Avenida%20Abel%20Bravo%2C%20Edificio%20Obarrio%2060%2C%20Piso%2011%2C%20Panam%C3%A1%2C%20Rep%C3%BAblica%20de%20Panam%C3%A1.%20&#038;t=m&#038;z=15&#038;output=embed&#038;iwloc=near\"\n\t\t\t\t\ttitle=\"Calle 60 y Avenida Abel Bravo, Edificio Obarrio 60, Piso 11, Panam\u00e1, Rep\u00fablica de Panam\u00e1. \"\n\t\t\t\t\taria-label=\"Calle 60 y Avenida Abel Bravo, Edificio Obarrio 60, Piso 11, Panam\u00e1, Rep\u00fablica de Panam\u00e1. \"\n\t\t\t><\/iframe><\/p>\n<h4>\n\t\t\t\t\t\t\tEmail<br \/>\n\t\t\t\t\t<\/h4>\n<p>\n\t\t\t\t\t\tinfo@grupochacon.com.pa\t\t\t\t\t<\/p>\n<p>\t\t\t\t<a href=\"https:\/\/wa.link\/2ax36l\" target=\"_blank\" tabindex=\"-1\" aria-label=\"WhatsApp\"><br \/>\n\t\t\t\t\t\t\t\t<\/a><\/p>\n<h4>\n\t\t\t\t\t\t<a href=\"https:\/\/wa.link\/2ax36l\" target=\"_blank\" ><br \/>\n\t\t\t\t\t\t\tWhatsApp\t\t\t\t\t\t<\/a><br \/>\n\t\t\t\t\t<\/h4>\n<p>\n\t\t\t\t\t\t66709570\t\t\t\t\t<\/p>\n<h4>\n\t\t\t\t\t\t\tTel\u00e9fono<br \/>\n\t\t\t\t\t<\/h4>\n<p>\n\t\t\t\t\t\t3982661\t\t\t\t\t<\/p>\n<h4>\n\t\t\t\t\t\t\tOficinas<br \/>\n\t\t\t\t\t<\/h4>\n<p>\n\t\t\t\t\t\tCalle 56 y Avenida Samuel Lewis, Edificio The Palm,<br \/>\nPanam\u00e1, Ciudad de Panam\u00e1.\t\t\t\t\t<\/p>\n<p>\t\t\t\t<a href=\"https:\/\/www.facebook.com\/grupochaconmelendez\/\" tabindex=\"-1\" aria-label=\"Facebook\"><br \/>\n\t\t\t\t\t\t\t\t<\/a><\/p>\n<h4>\n\t\t\t\t\t\t<a href=\"https:\/\/www.facebook.com\/grupochaconmelendez\/\" ><br \/>\n\t\t\t\t\t\t\tFacebook\t\t\t\t\t\t<\/a><br \/>\n\t\t\t\t\t<\/h4>\n<p>\t\t\t\t<a href=\"https:\/\/www.instagram.com\/grupochaconmelendez\/\" tabindex=\"-1\" aria-label=\"Instagram\"><br \/>\n\t\t\t\t\t\t\t\t<\/a><\/p>\n<h4>\n\t\t\t\t\t\t<a href=\"https:\/\/www.instagram.com\/grupochaconmelendez\/\" ><br \/>\n\t\t\t\t\t\t\tInstagram\t\t\t\t\t\t<\/a><br \/>\n\t\t\t\t\t<\/h4>\n<p>\t\t\t\t<a href=\"https:\/\/cuanto.app\/grupochaconmelendez\/p\/a5953f\" tabindex=\"-1\" aria-label=\"Telegram\"><br \/>\n\t\t\t\t\t\t\t\t<\/a><\/p>\n<h4>\n\t\t\t\t\t\t<a href=\"https:\/\/cuanto.app\/grupochaconmelendez\/p\/a5953f\" ><br \/>\n\t\t\t\t\t\t\tTelegram\t\t\t\t\t\t<\/a><br \/>\n\t\t\t\t\t<\/h4>\n<h2>GRUPO CHAC\u00d3N MEL\u00c9NDEZ <\/h2>\n<p>Para mayor informaci\u00f3n sobre nuestros servicios, complete el formulario y le responderemos lo m\u00e1s pronto posible.<\/p>\n<h2>Formulario de contacto <\/h2>\n<form id=\"wpforms-form-6\" data-formid=\"6\" method=\"post\" enctype=\"multipart\/form-data\" action=\"\/wp-admin\/admin-ajax.php\" data-token=\"ba711dec648b8f01dde6309739070086\"><noscript>Por favor, activa JavaScript en tu navegador para completar este formulario.<\/noscript><label for=\"wpforms-6-field_0\">Nombre y Apellido *<\/label><input type=\"text\" id=\"wpforms-6-field_0\" name=\"wpforms[fields][0][first]\" placeholder=\"Nombre\" required><label for=\"wpforms-6-field_0\">Nombre<\/label><input type=\"text\" id=\"wpforms-6-field_0-last\" name=\"wpforms[fields][0][last]\" placeholder=\"Apellido\" required><label for=\"wpforms-6-field_0-last\">Apellidos<\/label><label for=\"wpforms-6-field_1\">Email *<\/label><input type=\"email\" id=\"wpforms-6-field_1\" name=\"wpforms[fields][1]\" placeholder=\"Email \" spellcheck=\"false\" required><label for=\"wpforms-6-field_3\">Celular *<\/label><input type=\"number\" pattern=\"d*\" id=\"wpforms-6-field_3\" name=\"wpforms[fields][3]\" placeholder=\"Celular\" required><label for=\"wpforms-6-field_4\">Selecciona la compa\u00f1\u00eda a la que env\u00edas la consulta<\/label><select id=\"wpforms-6-field_4\" name=\"wpforms[fields][4]\"><option value=\"Abogados - Lawyers\" >Abogados &#8211; Lawyers<\/option><option value=\"Cumplimiento - Compliance\" >Cumplimiento &#8211; Compliance<\/option><option value=\"Arquitecto - Architect\" >Arquitecto &#8211; Architect<\/option><option value=\"Contabilidad - Accounting\" >Contabilidad &#8211; Accounting<\/option><\/select><label for=\"wpforms-6-field_2\">Comentario o Mensaje *<\/label><textarea id=\"wpforms-6-field_2\" name=\"wpforms[fields][2]\" placeholder=\"Mensaje\" required><\/textarea><!-- .wpforms-field-container --><input type=\"hidden\" name=\"wpforms[id]\" value=\"6\">\t\t\t<input\n\t\t\t\ttype=\"hidden\"\n\t\t\t\tname=\"wpforms[nonce]\"\n\t\t\t\tvalue=\"2bc1378ce5\"\n\t\t\t\/><br \/>\n\t\t\t<input type=\"hidden\" name=\"wpforms[author]\" value=\"1\"><button type=\"submit\" name=\"wpforms[submit]\" id=\"wpforms-submit-6\" data-alt-text=\"enviando...\" data-submit-text=\"Enviar \" aria-live=\"assertive\" value=\"wpforms-submit\">Enviar <\/button><\/form>\n<p>  <!-- .wpforms-container --><\/p>\n","protected":false},"excerpt":{"rendered":"<p>\u00bfNecesitas asesor\u00eda? \u00a1Cont\u00e1ctanos! Email info@grupochacon.com.pa WhatsApp 66709570 Tel\u00e9fono 3982661 Oficinas Calle 56 y Avenida Samuel Lewis, Edificio The Palm, Panam\u00e1, Ciudad de Panam\u00e1. Facebook Instagram Telegram GRUPO CHAC\u00d3N MEL\u00c9NDEZ Para mayor informaci\u00f3n sobre nuestros servicios, complete el formulario y le responderemos lo m\u00e1s pronto posible. Formulario de contacto Por favor, activa JavaScript en tu navegador &hellip;<\/p>\n<p class=\"read-more\"> <a class=\"\" href=\"https:\/\/grupochacon.com.pa\/en\/contacto\/\"> <span class=\"screen-reader-text\">CONTACT<\/span> Read More &raquo;<\/a><\/p>","protected":false},"author":1,"featured_media":0,"parent":0,"menu_order":0,"comment_status":"closed","ping_status":"closed","template":"","meta":{"site-sidebar-layout":"no-sidebar","site-content-layout":"page-builder","ast-global-header-display":"","ast-main-header-display":"","ast-hfb-above-header-display":"","ast-hfb-below-header-display":"","ast-hfb-mobile-header-display":"","site-post-title":"disabled","ast-breadcrumbs-content":"disabled","ast-featured-img":"disabled","footer-sml-layout":"","theme-transparent-header-meta":"disabled","adv-header-id-meta":"","stick-header-meta":"","header-above-stick-meta":"","header-main-stick-meta":"","header-below-stick-meta":"","_joinchat":[],"footnotes":""},"class_list":["post-17","page","type-page","status-publish","hentry"],"jetpack_sharing_enabled":true,"_links":{"self":[{"href":"https:\/\/grupochacon.com.pa\/en\/wp-json\/wp\/v2\/pages\/17","targetHints":{"allow":["GET"]}}],"collection":[{"href":"https:\/\/grupochacon.com.pa\/en\/wp-json\/wp\/v2\/pages"}],"about":[{"href":"https:\/\/grupochacon.com.pa\/en\/wp-json\/wp\/v2\/types\/page"}],"author":[{"embeddable":true,"href":"https:\/\/grupochacon.com.pa\/en\/wp-json\/wp\/v2\/users\/1"}],"replies":[{"embeddable":true,"href":"https:\/\/grupochacon.com.pa\/en\/wp-json\/wp\/v2\/comments?post=17"}],"version-history":[{"count":85,"href":"https:\/\/grupochacon.com.pa\/en\/wp-json\/wp\/v2\/pages\/17\/revisions"}],"predecessor-version":[{"id":2208,"href":"https:\/\/grupochacon.com.pa\/en\/wp-json\/wp\/v2\/pages\/17\/revisions\/2208"}],"wp:attachment":[{"href":"https:\/\/grupochacon.com.pa\/en\/wp-json\/wp\/v2\/media?parent=17"}],"curies":[{"name":"wp","href":"https:\/\/api.w.org\/{rel}","templated":true}]}}