{"id":1151,"date":"2022-09-16T21:23:47","date_gmt":"2022-09-16T21:23:47","guid":{"rendered":"https:\/\/grupochacon.com.pa\/?page_id=1151"},"modified":"2022-10-27T21:27:51","modified_gmt":"2022-10-27T21:27:51","slug":"chacon-asociados-constructores-y-arquitectos","status":"publish","type":"page","link":"https:\/\/grupochacon.com.pa\/en\/chacon-asociados-constructores-y-arquitectos\/","title":{"rendered":"CHAC\u00d3N &amp; ASOCIADOS  Architects and Builders"},"content":{"rendered":"<style>\/*! elementor - v3.7.6 - 15-09-2022 *\/\n.elementor-widget-divider{--divider-border-style:none;--divider-border-width:1px;--divider-color:#2c2c2c;--divider-icon-size:20px;--divider-element-spacing:10px;--divider-pattern-height:24px;--divider-pattern-size:20px;--divider-pattern-url:none;--divider-pattern-repeat:repeat-x}.elementor-widget-divider .elementor-divider{display:-webkit-box;display:-ms-flexbox;display:flex}.elementor-widget-divider .elementor-divider__text{font-size:15px;line-height:1;max-width:95%}.elementor-widget-divider .elementor-divider__element{margin:0 var(--divider-element-spacing);-ms-flex-negative:0;flex-shrink:0}.elementor-widget-divider .elementor-icon{font-size:var(--divider-icon-size)}.elementor-widget-divider .elementor-divider-separator{display:-webkit-box;display:-ms-flexbox;display:flex;margin:0;direction:ltr}.elementor-widget-divider--view-line_icon .elementor-divider-separator,.elementor-widget-divider--view-line_text .elementor-divider-separator{-webkit-box-align:center;-ms-flex-align:center;align-items:center}.elementor-widget-divider--view-line_icon .elementor-divider-separator:after,.elementor-widget-divider--view-line_icon .elementor-divider-separator:before,.elementor-widget-divider--view-line_text .elementor-divider-separator:after,.elementor-widget-divider--view-line_text .elementor-divider-separator:before{display:block;content:\"\";border-bottom:0;-webkit-box-flex:1;-ms-flex-positive:1;flex-grow:1;border-top:var(--divider-border-width) var(--divider-border-style) var(--divider-color)}.elementor-widget-divider--element-align-left .elementor-divider .elementor-divider-separator>.elementor-divider__svg:first-of-type{-webkit-box-flex:0;-ms-flex-positive:0;flex-grow:0;-ms-flex-negative:100;flex-shrink:100}.elementor-widget-divider--element-align-left .elementor-divider-separator:before{content:none}.elementor-widget-divider--element-align-left .elementor-divider__element{margin-left:0}.elementor-widget-divider--element-align-right .elementor-divider .elementor-divider-separator>.elementor-divider__svg:last-of-type{-webkit-box-flex:0;-ms-flex-positive:0;flex-grow:0;-ms-flex-negative:100;flex-shrink:100}.elementor-widget-divider--element-align-right .elementor-divider-separator:after{content:none}.elementor-widget-divider--element-align-right .elementor-divider__element{margin-right:0}.elementor-widget-divider:not(.elementor-widget-divider--view-line_text):not(.elementor-widget-divider--view-line_icon) .elementor-divider-separator{border-top:var(--divider-border-width) var(--divider-border-style) var(--divider-color)}.elementor-widget-divider--separator-type-pattern{--divider-border-style:none}.elementor-widget-divider--separator-type-pattern.elementor-widget-divider--view-line .elementor-divider-separator,.elementor-widget-divider--separator-type-pattern:not(.elementor-widget-divider--view-line) .elementor-divider-separator:after,.elementor-widget-divider--separator-type-pattern:not(.elementor-widget-divider--view-line) .elementor-divider-separator:before,.elementor-widget-divider--separator-type-pattern:not([class*=elementor-widget-divider--view]) .elementor-divider-separator{width:100%;min-height:var(--divider-pattern-height);-webkit-mask-size:var(--divider-pattern-size) 100%;mask-size:var(--divider-pattern-size) 100%;-webkit-mask-repeat:var(--divider-pattern-repeat);mask-repeat:var(--divider-pattern-repeat);background-color:var(--divider-color);-webkit-mask-image:var(--divider-pattern-url);mask-image:var(--divider-pattern-url)}.elementor-widget-divider--no-spacing{--divider-pattern-size:auto}.elementor-widget-divider--bg-round{--divider-pattern-repeat:round}.rtl .elementor-widget-divider .elementor-divider__text{direction:rtl}.e-container>.elementor-widget-divider{width:var(--container-widget-width,100%);--flex-grow:var(--container-widget-flex-grow,0)}<\/style>\n<style>\/*! elementor - v3.7.6 - 15-09-2022 *\/\n.elementor-heading-title{padding:0;margin:0;line-height:1}.elementor-widget-heading .elementor-heading-title[class*=elementor-size-]>a{color:inherit;font-size:inherit;line-height:inherit}.elementor-widget-heading .elementor-heading-title.elementor-size-small{font-size:15px}.elementor-widget-heading .elementor-heading-title.elementor-size-medium{font-size:19px}.elementor-widget-heading .elementor-heading-title.elementor-size-large{font-size:29px}.elementor-widget-heading .elementor-heading-title.elementor-size-xl{font-size:39px}.elementor-widget-heading .elementor-heading-title.elementor-size-xxl{font-size:59px}<\/style>\n<h1>CHAC\u00d3N &#038; ASOCIADOS CONSTRUCTORES &#038; ARQUITECTOS<\/h1>\n<style>\/*! elementor - v3.7.6 - 15-09-2022 *\/\n.elementor-widget-image{text-align:center}.elementor-widget-image a{display:inline-block}.elementor-widget-image a img[src$=\".svg\"]{width:48px}.elementor-widget-image img{vertical-align:middle;display:inline-block}<\/style>\n<p>\t\t\t\t\t\t\t\t\t\t\t\t<img decoding=\"async\" width=\"300\" height=\"300\" src=\"https:\/\/grupochacon.com.pa\/wp-content\/uploads\/2022\/10\/000-FONDO-TRANSPARENTE-LOGO-ARQUITECTOS-CONSTRUCTORES-300x300.png\" alt=\"\" loading=\"lazy\" srcset=\"https:\/\/grupochacon.com.pa\/wp-content\/uploads\/2022\/10\/000-FONDO-TRANSPARENTE-LOGO-ARQUITECTOS-CONSTRUCTORES-300x300.png 300w, https:\/\/grupochacon.com.pa\/wp-content\/uploads\/2022\/10\/000-FONDO-TRANSPARENTE-LOGO-ARQUITECTOS-CONSTRUCTORES-1024x1024.png 1024w, https:\/\/grupochacon.com.pa\/wp-content\/uploads\/2022\/10\/000-FONDO-TRANSPARENTE-LOGO-ARQUITECTOS-CONSTRUCTORES-150x150.png 150w, https:\/\/grupochacon.com.pa\/wp-content\/uploads\/2022\/10\/000-FONDO-TRANSPARENTE-LOGO-ARQUITECTOS-CONSTRUCTORES-768x768.png 768w, https:\/\/grupochacon.com.pa\/wp-content\/uploads\/2022\/10\/000-FONDO-TRANSPARENTE-LOGO-ARQUITECTOS-CONSTRUCTORES-1536x1536.png 1536w, https:\/\/grupochacon.com.pa\/wp-content\/uploads\/2022\/10\/000-FONDO-TRANSPARENTE-LOGO-ARQUITECTOS-CONSTRUCTORES-12x12.png 12w, https:\/\/grupochacon.com.pa\/wp-content\/uploads\/2022\/10\/000-FONDO-TRANSPARENTE-LOGO-ARQUITECTOS-CONSTRUCTORES.png 1920w\" sizes=\"auto, (max-width: 300px) 100vw, 300px\" \/><br \/>\n\t\t\t\t\t\t\t\t\t\t\t\t\t\t\t<img decoding=\"async\" src=\"https:\/\/grupochacon.com.pa\/wp-content\/uploads\/elementor\/thumbs\/JCV2379-puuon80evt4stblk900fj6ovn1tdt70ocl4a6q0iew.jpg\" title=\"_JCV2379\" alt=\"_JCV2379\" \/>\t\t\t\t\t\t\t\t\t\t\t\t\t\t\t<\/p>\n<h2>Digno Gabriel Chac\u00f3n<\/h2>\n<p>Idoneidad para ejercer la Arquitectura:<\/p>\n<link rel=\"stylesheet\" href=\"https:\/\/grupochacon.com.pa\/wp-content\/plugins\/elementor\/assets\/css\/widget-icon-list.min.css\">\n<ul>\n<li>\n\t\t\t\t\t\t\t\t\t\tEgresado de la Universidad Columbus University\n\t\t\t\t\t\t\t\t\t<\/li>\n<li>\n\t\t\t\t\t\t\t\t\t\tMiembro de la Junta T\u00e9cnica de Ingenier\u00eda y Arquitectura\n\t\t\t\t\t\t\t\t\t<\/li>\n<li>\n\t\t\t\t\t\t\t\t\t\t\t<a href=\"mailto:gchacon@grupochacon.com.pa\" target=\"_blank\" rel=\"noopener\"><br \/>\n\t\t\t\t\t\t\t\t\t\tgchacon@grupochacon.com.pa<br \/>\n\t\t\t\t\t\t\t\t\t\t\t<\/a>\n\t\t\t\t\t\t\t\t\t<\/li>\n<\/ul>\n<ul>\n<li>\n\t\t\t\t\t\t\t\t\t\tChac\u00f3n &#038; Asociados Arquitectos S.C., fue inscrita el 8 de mayo de 2015, como el encargado de dise\u00f1o y asesor\u00eda arquitect\u00f3nica en general.\n\t\t\t\t\t\t\t\t\t<\/li>\n<li>\n\t\t\t\t\t\t\t\t\t\tChac\u00f3n &#038; Asociados Constructores, S.A., nace el 4 de marzo de 2016, como el brazo ejecutor de las obras de construcci\u00f3n para los clientes de la empresa de Arquitectura.\n\t\t\t\t\t\t\t\t\t<\/li>\n<li>\n\t\t\t\t\t\t\t\t\t\tAmbas empresas fueron fundadas por el Arquitecto Digno Gabriel Chac\u00f3n, Arquitecto Id\u00f3neo.\n\t\t\t\t\t\t\t\t\t<\/li>\n<\/ul>\n<h2>\u201cChac\u00f3n y Asociados Arquitectos y Constructores,  realiza un proceso selectivo y exigente de  todos los profesionales que colaboran en la realizaci\u00f3n de sus proyectos para  garantizar siempre los m\u00e1s altos estand\u00e1res de calidad en sus servicios\u201d.<\/h2>\n<h2>Servicios<\/h2>\n<style>\/*! elementor - v3.7.6 - 15-09-2022 *\/\n.elementor-widget-image-box .elementor-image-box-content{width:100%}@media (min-width:768px){.elementor-widget-image-box.elementor-position-left .elementor-image-box-wrapper,.elementor-widget-image-box.elementor-position-right .elementor-image-box-wrapper{display:-webkit-box;display:-ms-flexbox;display:flex}.elementor-widget-image-box.elementor-position-right .elementor-image-box-wrapper{text-align:right;-webkit-box-orient:horizontal;-webkit-box-direction:reverse;-ms-flex-direction:row-reverse;flex-direction:row-reverse}.elementor-widget-image-box.elementor-position-left .elementor-image-box-wrapper{text-align:left;-webkit-box-orient:horizontal;-webkit-box-direction:normal;-ms-flex-direction:row;flex-direction:row}.elementor-widget-image-box.elementor-position-top .elementor-image-box-img{margin:auto}.elementor-widget-image-box.elementor-vertical-align-top .elementor-image-box-wrapper{-webkit-box-align:start;-ms-flex-align:start;align-items:flex-start}.elementor-widget-image-box.elementor-vertical-align-middle .elementor-image-box-wrapper{-webkit-box-align:center;-ms-flex-align:center;align-items:center}.elementor-widget-image-box.elementor-vertical-align-bottom .elementor-image-box-wrapper{-webkit-box-align:end;-ms-flex-align:end;align-items:flex-end}}@media (max-width:767px){.elementor-widget-image-box .elementor-image-box-img{margin-left:auto!important;margin-right:auto!important;margin-bottom:15px}}.elementor-widget-image-box .elementor-image-box-img{display:inline-block}.elementor-widget-image-box .elementor-image-box-title a{color:inherit}.elementor-widget-image-box .elementor-image-box-wrapper{text-align:center}.elementor-widget-image-box .elementor-image-box-description{margin:0}<\/style>\n<h4>Dise\u00f1o Arquitect\u00f3nico<\/h4>\n<p>Le   ayudamos   a   ordenar   sus   ideas   para  crear   un dise\u00f1o a fin con sus necesidades y expectativas.<\/p>\n<h4>Desarrollo de Planos Constructivos<\/h4>\n<p>Somos   especialistas   en   la   preparaci\u00f3n   de  planos constructivos,        garantizando       siempre        un desarrollo   completo   de   los  mismos   para   que   el proceso constructivo sea r\u00e1pido y eficiente.<\/p>\n<h4>Construcci\u00f3n y Remodelaciones<\/h4>\n<p>Contamos    con    el    respaldo    de    un   equipo    de contratistas   altamente   calificado   y   seleccionados minuciosamente      tras      a\u00f1os      de      trabajo      en conjunto,   lo   cual   podr\u00e1   garantizarle   la   realizaci\u00f3n de   su   proyecto  bajo   los   m\u00e1s   altos   est\u00e1ndares   de calidad.<\/p>\n<h2>Granja La Hermita Chorrera<\/h2>\n<p>\t\t\t\t\t\t\t\t\t\t\t\t\t\t\t<img decoding=\"async\" src=\"https:\/\/grupochacon.com.pa\/wp-content\/uploads\/elementor\/thumbs\/WhatsApp-Image-2022-09-27-at-6.25.15-PM-7-pvfptagww6uchenvr96pbmbaprjgyv8x8on2sjh0ts.jpeg\" title=\"WhatsApp Image 2022-09-27 at 6.25.15 PM (7)\" alt=\"WhatsApp Image 2022-09-27 at 6.25.15 PM (7)\" \/><br \/>\n\t\t\t\t\t\t\t\t\t\t\t\t\t\t\t<img decoding=\"async\" src=\"https:\/\/grupochacon.com.pa\/wp-content\/uploads\/elementor\/thumbs\/WhatsApp-Image-2022-09-27-at-6.36.36-PM-2-pvfqsp22bjb5sn8h0k4t8ooc8916wfsy3x9hjqz6gg.jpeg\" title=\"WhatsApp Image 2022-09-27 at 6.36.36 PM (2)\" alt=\"WhatsApp Image 2022-09-27 at 6.36.36 PM (2)\" \/>\t\t\t\t\t\t\t\t\t\t\t\t\t\t\t<\/p>\n<h2>San Carlos<\/h2>\n<p>\t\t\t\t\t\t\t\t\t\t\t\t\t\t\t<img decoding=\"async\" src=\"https:\/\/grupochacon.com.pa\/wp-content\/uploads\/elementor\/thumbs\/WhatsApp-Image-2022-09-27-at-6.37.59-PM-2-pvfq4dybks17jojlyjv59bi76iugu8auflwfr50pdc.jpeg\" title=\"WhatsApp Image 2022-09-27 at 6.37.59 PM (2)\" alt=\"WhatsApp Image 2022-09-27 at 6.37.59 PM (2)\" \/><br \/>\n\t\t\t\t\t\t\t\t\t\t\t\t\t\t\t<img decoding=\"async\" src=\"https:\/\/grupochacon.com.pa\/wp-content\/uploads\/elementor\/thumbs\/WhatsApp-Image-2022-09-27-at-6.38.00-PM-2-pvfq4xoxkas8bhqxraeb7oivnm56bvh7iblmty7fqo.jpeg\" title=\"WhatsApp Image 2022-09-27 at 6.38.00 PM (2)\" alt=\"WhatsApp Image 2022-09-27 at 6.38.00 PM (2)\" \/>\t\t\t\t\t\t\t\t\t\t\t\t\t\t\t<\/p>\n<h4>PROYECTO DESTACADO<\/h4>\n<p>La   Residencia   Rached   es   un   proyecto   de   vivienda   unifamiliar   ubicado   dentro   del   Club   de   Golf, cuenta con 550.00m2 de \u00e1rea cerrada y 100.00m2 de \u00e1rea abierta. Est\u00e1   emplazada  sobre   un   terreno   de   una   superficie   total   de   996.86m2   y   se   plante\u00f3   un   tipo   de arquitectura   moderna   y   minimalista   aprovechando   la   orientaci\u00f3n   del   lote   buscando  minimizar   las aberturas   en   las   fachadas   este   y   oeste,   para   as\u00ed   reducir   la   radiaci\u00f3n   a  lo   interno   de   la   vivienda   y ahorrar en el consumo energ\u00e9tico. Las   plantas   se   resolvieron   en   dos   niveles,   ubicando   en   planta   baja   las   \u00e1reas   comunes   y   de   servicio   y en planta alta las \u00e1reas de descanso.<\/p>\n<p>\t\t\t\t\t\t\t\t\t\t\t\t\t\t\t<img decoding=\"async\" src=\"https:\/\/grupochacon.com.pa\/wp-content\/uploads\/elementor\/thumbs\/V6-pvfuji2sh5ukvdf6ubvmc6178ml9tpz3n5hebd3k34.jpg\" title=\"V6\" alt=\"V6\" \/><br \/>\n\t\t\t\t\t\t\t\t\t\t\t\t\t\t\t<img decoding=\"async\" src=\"https:\/\/grupochacon.com.pa\/wp-content\/uploads\/elementor\/thumbs\/V3.-pvfuj4x1thckctyaz66ud9cqx8e4tyiuxccllhn2i8.jpg\" title=\"V3.\" alt=\"V3.\" \/><\/p>\n","protected":false},"excerpt":{"rendered":"<p>CHAC\u00d3N &#038; ASOCIADOS CONSTRUCTORES &#038; ARQUITECTOS Digno Gabriel Chac\u00f3n Idoneidad para ejercer la Arquitectura: Egresado de la Universidad Columbus University Miembro de la Junta T\u00e9cnica de Ingenier\u00eda y Arquitectura gchacon@grupochacon.com.pa Chac\u00f3n &#038; Asociados Arquitectos S.C., fue inscrita el 8 de mayo de 2015, como el encargado de dise\u00f1o y asesor\u00eda arquitect\u00f3nica en general. Chac\u00f3n &#038; &hellip;<\/p>\n<p class=\"read-more\"> <a class=\"\" href=\"https:\/\/grupochacon.com.pa\/en\/chacon-asociados-constructores-y-arquitectos\/\"> <span class=\"screen-reader-text\">CHAC\u00d3N &amp; ASOCIADOS  Architects and Builders<\/span> Read More &raquo;<\/a><\/p>","protected":false},"author":1,"featured_media":0,"parent":0,"menu_order":0,"comment_status":"closed","ping_status":"closed","template":"","meta":{"site-sidebar-layout":"no-sidebar","site-content-layout":"page-builder","ast-global-header-display":"","ast-main-header-display":"","ast-hfb-above-header-display":"","ast-hfb-below-header-display":"","ast-hfb-mobile-header-display":"","site-post-title":"disabled","ast-breadcrumbs-content":"","ast-featured-img":"disabled","footer-sml-layout":"","theme-transparent-header-meta":"","adv-header-id-meta":"","stick-header-meta":"","header-above-stick-meta":"","header-main-stick-meta":"","header-below-stick-meta":"","_joinchat":[],"footnotes":""},"class_list":["post-1151","page","type-page","status-publish","hentry"],"jetpack_sharing_enabled":true,"_links":{"self":[{"href":"https:\/\/grupochacon.com.pa\/en\/wp-json\/wp\/v2\/pages\/1151","targetHints":{"allow":["GET"]}}],"collection":[{"href":"https:\/\/grupochacon.com.pa\/en\/wp-json\/wp\/v2\/pages"}],"about":[{"href":"https:\/\/grupochacon.com.pa\/en\/wp-json\/wp\/v2\/types\/page"}],"author":[{"embeddable":true,"href":"https:\/\/grupochacon.com.pa\/en\/wp-json\/wp\/v2\/users\/1"}],"replies":[{"embeddable":true,"href":"https:\/\/grupochacon.com.pa\/en\/wp-json\/wp\/v2\/comments?post=1151"}],"version-history":[{"count":98,"href":"https:\/\/grupochacon.com.pa\/en\/wp-json\/wp\/v2\/pages\/1151\/revisions"}],"predecessor-version":[{"id":1861,"href":"https:\/\/grupochacon.com.pa\/en\/wp-json\/wp\/v2\/pages\/1151\/revisions\/1861"}],"wp:attachment":[{"href":"https:\/\/grupochacon.com.pa\/en\/wp-json\/wp\/v2\/media?parent=1151"}],"curies":[{"name":"wp","href":"https:\/\/api.w.org\/{rel}","templated":true}]}}